{"id":3558,"date":"2022-01-06T05:00:07","date_gmt":"2022-01-05T22:00:07","guid":{"rendered":"https:\/\/tuffvietnam.com\/san-pham\/pressed-coconut-cakes-600gr\/"},"modified":"2024-08-02T16:27:04","modified_gmt":"2024-08-02T09:27:04","slug":"pressed-coconut-cakes-600gr","status":"publish","type":"product","link":"https:\/\/tuffvietnam.com\/en\/san-pham\/pressed-coconut-cakes-600gr\/","title":{"rendered":"PRESSED COCONUT CAKES 600GR"},"content":{"rendered":"<div class=\"flex-1 overflow-hidden\">\n<div class=\"react-scroll-to-bottom--css-vrihm-79elbk h-full dark:bg-gray-800\">\n<div class=\"react-scroll-to-bottom--css-vrihm-1n7m0yu\">\n<div class=\"flex flex-col text-sm dark:bg-gray-800\">\n<div class=\"group w-full text-gray-800 dark:text-gray-100 border-b border-black\/10 dark:border-gray-900\/50 bg-gray-50 dark:bg-[#444654]\">\n<div class=\"flex p-4 gap-4 text-base md:gap-6 md:max-w-2xl lg:max-w-[38rem] xl:max-w-3xl md:py-6 lg:px-0 m-auto\">\n<div class=\"relative flex w-[calc(100%-50px)] flex-col gap-1 md:gap-3 lg:w-[calc(100%-115px)]\">\n<div class=\"flex flex-grow flex-col gap-3\">\n<div class=\"min-h-[20px] flex items-start overflow-x-auto whitespace-pre-wrap break-words flex-col gap-4\">\n<div class=\"markdown prose w-full break-words dark:prose-invert light\">\n<p style=\"text-align: justify;\"><strong>M\u1ee5n d\u1eeba \u00e9p b\u00e1nh 600g &#8211; Ti\u1ec7n l\u1ee3i v\u00e0 hi\u1ec7u qu\u1ea3 cho vi\u1ec7c tr\u1ed3ng c\u00e2y<\/strong><\/p>\n<p style=\"text-align: justify;\">Vi\u00ean m\u1ee5n d\u1eeba \u00e9p b\u00e1nh 600g l\u00e0 s\u1ea3n ph\u1ea9m nh\u1ecf g\u1ecdn v\u00e0 ti\u1ec7n d\u1ee5ng, h\u1ed7 tr\u1ee3 ng\u01b0\u1eddi d\u00f9ng trong qu\u00e1 tr\u00ecnh tr\u1ed3ng c\u00e2y. \u0110\u01b0\u1ee3c thi\u1ebft k\u1ebf nh\u1ecf g\u1ecdn, vi\u00ean m\u1ee5n d\u1eeba n\u00e0y gi\u00fap gi\u1ea3m b\u1edbt g\u00e1nh n\u1eb7ng khi mang v\u00e0 v\u1eadn chuy\u1ec3n c\u00e1c bao m\u1ee5n d\u1eeba truy\u1ec1n th\u1ed1ng.<\/p>\n<div id='gallery-1' class='gallery galleryid-3558 gallery-columns-2 gallery-size-full'><figure class='gallery-item'>\n\t\t\t<div class='gallery-icon landscape'>\n\t\t\t\t<a href='https:\/\/tuffvietnam.com\/en\/?attachment_id=3435'><img fetchpriority=\"high\" decoding=\"async\" width=\"800\" height=\"660\" src=\"https:\/\/tuffvietnam.com\/wp-content\/uploads\/2022\/01\/18-e1695798656348.png\" class=\"attachment-full size-full\" alt=\"\" aria-describedby=\"gallery-1-3435\" srcset=\"https:\/\/tuffvietnam.com\/wp-content\/uploads\/2022\/01\/18-e1695798656348.png 800w, https:\/\/tuffvietnam.com\/wp-content\/uploads\/2022\/01\/18-e1695798656348-300x248.png 300w, https:\/\/tuffvietnam.com\/wp-content\/uploads\/2022\/01\/18-e1695798656348-768x634.png 768w, https:\/\/tuffvietnam.com\/wp-content\/uploads\/2022\/01\/18-e1695798656348-600x495.png 600w\" sizes=\"(max-width: 800px) 100vw, 800px\" \/><\/a>\n\t\t\t<\/div>\n\t\t\t\t<figcaption class='wp-caption-text gallery-caption' id='gallery-1-3435'>\n\t\t\t\tVi\u00ean m\u1ee5n d\u1eeba \u00e9p b\u00e1nh\n\t\t\t\t<\/figcaption><\/figure><figure class='gallery-item'>\n\t\t\t<div class='gallery-icon landscape'>\n\t\t\t\t<a href='https:\/\/tuffvietnam.com\/en\/?attachment_id=3447'><img decoding=\"async\" width=\"940\" height=\"788\" src=\"https:\/\/tuffvietnam.com\/wp-content\/uploads\/2022\/01\/Face-SP-6.jpg\" class=\"attachment-full size-full\" alt=\"Vi\u00ean m\u1ee5n d\u1eeba \u00e9p b\u00e1nh d\u00f9ng \u0111\u1ec3 \u01b0\u01a1m c\u00e2y\" aria-describedby=\"gallery-1-3447\" srcset=\"https:\/\/tuffvietnam.com\/wp-content\/uploads\/2022\/01\/Face-SP-6.jpg 940w, https:\/\/tuffvietnam.com\/wp-content\/uploads\/2022\/01\/Face-SP-6-300x251.jpg 300w, https:\/\/tuffvietnam.com\/wp-content\/uploads\/2022\/01\/Face-SP-6-768x644.jpg 768w, https:\/\/tuffvietnam.com\/wp-content\/uploads\/2022\/01\/Face-SP-6-600x503.jpg 600w\" sizes=\"(max-width: 940px) 100vw, 940px\" \/><\/a>\n\t\t\t<\/div>\n\t\t\t\t<figcaption class='wp-caption-text gallery-caption' id='gallery-1-3447'>\n\t\t\t\tVi\u00ean m\u1ee5n d\u1eeba \u00e9p b\u00e1nh d\u00f9ng \u0111\u1ec3 \u01b0\u01a1m c\u00e2y\n\t\t\t\t<\/figcaption><\/figure>\n\t\t<\/div>\n\n<p style=\"text-align: justify;\"><strong>\u01afu \u0111i\u1ec3m n\u1ed5i b\u1eadt c\u1ee7a vi\u00ean m\u1ee5n d\u1eeba \u00e9p b\u00e1nh 600g:<\/strong><\/p>\n<ol style=\"text-align: justify;\">\n<li>T\u1ef7 l\u1ec7 m\u1ee5n d\u1eeba cao: V\u1edbi t\u1ef7 l\u1ec7 m\u1ee5n d\u1eeba l\u00ean \u0111\u1ebfn 95%, s\u1ea3n ph\u1ea9m n\u00e0y h\u1ee9a h\u1eb9n cung c\u1ea5p ngu\u1ed3n t\u00e0i nguy\u00ean d\u1ed3i d\u00e0o cho t\u1ea5t c\u1ea3 c\u00e1c lo\u1ea1i c\u00e2y tr\u1ed3ng nh\u01b0 rau m\u1ea7m, c\u00e2y \u01b0\u01a1m, rau \u0103n l\u00e1, hoa-c\u00e2y c\u1ea3nh,&#8230; hay c\u1ea3i t\u1ea1o \u0111\u1ea5t tr\u1ed3ng.<\/li>\n<li>N\u1edf nhanh ch\u00f3ng: Khi tr\u1ed3ng c\u00e2y, vi\u00ean m\u1ee5n d\u1eeba \u00e9p b\u00e1nh 600g s\u1ebd n\u1edf nhanh ch\u00f3ng v\u00e0 cho ra kho\u1ea3ng 9L m\u1ee5n r\u1eddi m\u1ed7i vi\u00ean, gi\u00fap c\u00e2y ph\u00e1t tri\u1ec3n m\u1ea1nh m\u1ebd v\u00e0 kh\u1ecfe \u0111\u1eb9p.<\/li>\n<li>V\u1eadn chuy\u1ec3n d\u1ec5 d\u00e0ng, hi\u1ec7u qu\u1ea3: V\u1edbi k\u00edch th\u01b0\u1edbc nh\u1ecf g\u1ecdn, Vi\u00ean m\u1ee5n d\u1eeba n\u00e9n d\u1ec5 d\u00e0ng mang v\u00e1c \u0111i kh\u1eafp n\u01a1i, v\u1eadn chuy\u1ec3n, l\u01b0u tr\u1eef kho d\u1ec5 d\u00e0ng h\u01a1n bao gi\u1edd h\u1ebft.<\/li>\n<\/ol>\n<p style=\"text-align: justify;\"><strong>H\u01b0\u1edbng d\u1eabn s\u1eed d\u1ee5ng:<\/strong><\/p>\n<ul style=\"text-align: justify;\">\n<li>B\u01b0\u1edbc 1: \u0110\u1eb7t b\u00e1nh \u00e9p v\u00e0o x\u00f4, ch\u1eadu ho\u1eb7c d\u1ee5ng c\u1ee5 ch\u1ee9a n\u01b0\u1edbc ph\u00f9 h\u1ee3p.<\/li>\n<li>B\u01b0\u1edbc 2: T\u01b0\u1edbi n\u01b0\u1edbc v\u00e0o \u0111\u1ebfn khi b\u00e1nh n\u1edf h\u1ebft (th\u1ec3 t\u00edch sau n\u1edf kho\u1ea3ng 8 &#8211; 9 l\u00edt).<\/li>\n<li>B\u01b0\u1edbc 3: B\u00f3p t\u01a1i gi\u00e1 th\u1ec3 v\u00e0 d\u00f9ng gi\u00e1 th\u1ec3 n\u00e0y \u0111\u1ec3 tr\u1ed3ng c\u00e2y m\u1ed9t c\u00e1ch d\u1ec5 d\u00e0ng v\u00e0 ti\u1ec7n l\u1ee3i.<\/li>\n<\/ul>\n<p style=\"text-align: justify;\"><strong>B\u1ea3o qu\u1ea3n:<\/strong><\/p>\n<ul style=\"text-align: justify;\">\n<li>\u0110\u1ed1i v\u1edbi s\u1ea3n ph\u1ea9m ch\u01b0a s\u1eed d\u1ee5ng ngay, n\u00ean \u0111\u1eb7t v\u00e0o n\u01a1i tho\u00e1ng m\u00e1t, s\u1ea1ch s\u1ebd v\u1edbi nhi\u1ec7t \u0111\u1ed9 \u1ed5n \u0111\u1ecbnh v\u00e0 \u0111\u1ed9 \u1ea9m th\u1ea5p.<\/li>\n<li>Ho\u1eb7c c\u00f3 th\u1ec3 n\u1edf s\u1eb5n m\u1ee5n d\u1eeba v\u00e0 b\u1ea3o qu\u1ea3n ch\u00fang trong n\u01a1i tho\u00e1ng m\u00e1t, s\u1ea1ch s\u1ebd. Khi c\u1ea7n s\u1eed d\u1ee5ng, ch\u1ec9 c\u1ea7n l\u1ea5y ra v\u00e0 tr\u1ed3ng c\u00e2y ngay l\u1eadp t\u1ee9c.<\/li>\n<\/ul>\n<p style=\"text-align: justify;\">Vi\u00ean m\u1ee5n d\u1eeba \u00e9p b\u00e1nh 600g l\u00e0 gi\u1ea3i ph\u00e1p hi\u1ec7u qu\u1ea3 v\u00e0 ti\u1ec7n l\u1ee3i cho vi\u1ec7c tr\u1ed3ng c\u00e2y. V\u1edbi \u0111a d\u1ea1ng \u1ee9ng d\u1ee5ng v\u00e0 h\u01b0\u1edbng d\u1eabn s\u1eed d\u1ee5ng \u0111\u01a1n gi\u1ea3n, s\u1ea3n ph\u1ea9m n\u00e0y l\u00e0 l\u1ef1a ch\u1ecdn l\u00fd t\u01b0\u1edfng cho c\u00e1c nh\u00e0 l\u00e0m v\u01b0\u1eddn v\u00e0 ng\u01b0\u1eddi y\u00eau th\u00edch n\u00f4ng nghi\u1ec7p h\u1eefu c\u01a1.<\/p>\n<p style=\"text-align: justify;\">\u0110\u1eebng b\u1ecf l\u1ee1 c\u01a1 h\u1ed9i \u0111\u1eb7t h\u00e0ng ngay \u0111\u1ec3 nh\u1eadn \u01b0u \u0111\u00e3i t\u1ed1t nh\u1ea5t! H\u00e3y li\u00ean h\u1ec7 v\u1edbi Tuff Vi\u1ec7t Nam ngay h\u00f4m nay \u0111\u1ec3 \u0111\u01b0\u1ee3c t\u01b0 v\u1ea5n v\u00e0 h\u1ed7 tr\u1ee3 th\u00eam th\u00f4ng tin chi ti\u1ebft v\u1ec1 s\u1ea3n ph\u1ea9m. Ch\u00fang t\u00f4i cam k\u1ebft mang \u0111\u1ebfn cho b\u1ea1n gi\u1ea3i ph\u00e1p t\u1ed1t nh\u1ea5t cho vi\u1ec7c tr\u1ed3ng c\u00e2y v\u00e0 qu\u1ea3n l\u00fd v\u01b0\u1eddn c\u1ee7a b\u1ea1n.<\/p>\n<p style=\"text-align: justify;\">T\u00ecm hi\u1ec3u th\u00eam c\u00e1c s\u1ea3n ph\u1ea9m kh\u00e1c c\u1ee7a Tuff Vi\u1ec7t Nam t\u1ea1i <a href=\"https:\/\/tuffvietnam.com\/en\/product\/\">\u0111\u00e2y<\/a> nh\u00e9!<\/p>\n<\/div>\n<\/div>\n<\/div>\n<\/div>\n<\/div>\n<\/div>\n<\/div>\n<\/div>\n<\/div>\n<\/div>\n","protected":false},"excerpt":{"rendered":"<p><strong>PRESSED COCONUT CAKES 600GR<\/strong><br \/>\n<strong>GI\u00c1: LI\u00caN H\u1ec6<\/strong><\/p>\n","protected":false},"featured_media":3455,"comment_status":"open","ping_status":"closed","template":"","meta":{"site-sidebar-layout":"default","site-content-layout":"default","ast-main-header-display":"","ast-hfb-above-header-display":"","ast-hfb-below-header-display":"","ast-hfb-mobile-header-display":"","site-post-title":"","ast-breadcrumbs-content":"","ast-featured-img":"","footer-sml-layout":"","theme-transparent-header-meta":"default","adv-header-id-meta":"","stick-header-meta":"default","header-above-stick-meta":"","header-main-stick-meta":"","header-below-stick-meta":""},"product_cat":[103],"product_tag":[178,170,172,168],"class_list":{"0":"post-3558","1":"product","2":"type-product","3":"status-publish","4":"has-post-thumbnail","6":"product_cat-san-pham-en","7":"product_tag-coco-blocks-for-farming","8":"product_tag-coco-coir-brick","9":"product_tag-coco-coir-low-ec","10":"product_tag-coco-coir-pressed","11":"align-center","12":"box-shadow-0","13":"box-shadow-0-hover","14":"ast-product-gallery-layout-horizontal","15":"ast-product-tabs-layout-horizontal","17":"first","18":"instock","19":"shipping-taxable","20":"product-type-simple"},"_links":{"self":[{"href":"https:\/\/tuffvietnam.com\/en\/wp-json\/wp\/v2\/product\/3558","targetHints":{"allow":["GET"]}}],"collection":[{"href":"https:\/\/tuffvietnam.com\/en\/wp-json\/wp\/v2\/product"}],"about":[{"href":"https:\/\/tuffvietnam.com\/en\/wp-json\/wp\/v2\/types\/product"}],"replies":[{"embeddable":true,"href":"https:\/\/tuffvietnam.com\/en\/wp-json\/wp\/v2\/comments?post=3558"}],"wp:featuredmedia":[{"embeddable":true,"href":"https:\/\/tuffvietnam.com\/en\/wp-json\/wp\/v2\/media\/3455"}],"wp:attachment":[{"href":"https:\/\/tuffvietnam.com\/en\/wp-json\/wp\/v2\/media?parent=3558"}],"wp:term":[{"taxonomy":"product_cat","embeddable":true,"href":"https:\/\/tuffvietnam.com\/en\/wp-json\/wp\/v2\/product_cat?post=3558"},{"taxonomy":"product_tag","embeddable":true,"href":"https:\/\/tuffvietnam.com\/en\/wp-json\/wp\/v2\/product_tag?post=3558"}],"curies":[{"name":"wp","href":"https:\/\/api.w.org\/{rel}","templated":true}]}}