{"id":3559,"date":"2022-01-05T16:31:31","date_gmt":"2022-01-05T09:31:31","guid":{"rendered":"https:\/\/tuffvietnam.com\/san-pham\/coconut-peat-pressed-into-5-kg-cake\/"},"modified":"2024-07-18T13:52:08","modified_gmt":"2024-07-18T06:52:08","slug":"coconut-peat-pressed-into-5-kg-cake","status":"publish","type":"product","link":"https:\/\/tuffvietnam.com\/en\/san-pham\/coconut-peat-pressed-into-5-kg-cake\/","title":{"rendered":"Coconut peat pressed into 5 kg cake"},"content":{"rendered":"<p style=\"text-align: justify;\"><span style=\"font-size: 14pt;\"><strong>Vi\u00ean m\u1ee5n d\u1eeba \u00e9p b\u00e1nh 5 kg<\/strong><\/span><\/p>\n<p style=\"text-align: justify;\"><strong>Vi\u00ean m\u1ee5n d\u1eeba \u00e9p b\u00e1nh 5 kg<\/strong> l\u00e0 s\u1ea3n ph\u1ea9m ch\u1ea5t l\u01b0\u1ee3ng \u0111\u01b0\u1ee3c s\u1ea3n xu\u1ea5t t\u1eeb nh\u1eefng v\u1ecf d\u1eeba gi\u00e0 qua qu\u00e1 tr\u00ecnh nghi\u1ec1n \u00e9p, \u1ee7 \u0111\u1ed1ng, x\u1ea3 r\u1eeda v\u00e0 x\u1eed l\u00fd k\u1ef9 c\u00e0ng. S\u1ea3n ph\u1ea9m \u0111\u1ea1t t\u00ednh n\u0103ng v\u01b0\u1ee3t tr\u1ed9i nh\u01b0 t\u01a1i x\u1ed1p, tho\u00e1ng kh\u00ed, gi\u1eef \u1ea9m t\u1ed1t, kh\u00f4ng ch\u1ee9a t\u1ea1p ch\u1ea5t, h\u00f3a ch\u1ea5t hay vi sinh v\u1eadt \u0111\u1ed9c h\u1ea1i. Qua qu\u00e1 tr\u00ecnh ti\u1ebfp theo, m\u1ee5n d\u1eeba \u0111\u01b0\u1ee3c s\u1ea5y kh\u00f4 \u0111\u1ea1t \u0111\u1ed9 \u1ea9m d\u01b0\u1edbi 20% tr\u01b0\u1edbc khi \u0111\u01b0\u1ee3c \u00e9p th\u00e0nh c\u00e1c kh\u1ed1i 5 kg, t\u1ea1o th\u00e0nh <strong>vi\u00ean m\u1ee5n d\u1eeba \u00e9p b\u00e1nh 5 kg<\/strong>, c\u00f2n \u0111\u01b0\u1ee3c g\u1ecdi l\u00e0 <strong>Vi\u00ean n\u00e9n 5 kg<\/strong> hay <strong>Vi\u00ean m\u1ee5n d\u1eeba n\u00e9n 5 kg<\/strong>.<\/p>\n<p style=\"text-align: justify;\">\u01afu \u0111i\u1ec3m c\u1ee7a Vi\u00ean m\u1ee5n d\u1eeba \u00e9p b\u00e1nh 5 kg so v\u1edbi m\u1ee5n d\u1eeba r\u1eddi \u0111\u00f3ng bao l\u00e0 s\u1ef1 ti\u1ec7n l\u1ee3i v\u00e0 ti\u1ebft ki\u1ec7m.<\/p>\n<p style=\"text-align: justify;\">\u0110\u01b0\u1ee3c \u00e9p th\u00e0nh c\u00e1c b\u00e1nh nh\u1ecf g\u1ecdn 5 kg, vi\u00ean n\u00e9n gi\u00fap kh\u00e1ch h\u00e0ng ti\u1ebft ki\u1ec7m kh\u00f4ng gian l\u01b0u tr\u1eef v\u00e0 gi\u1ea3m chi ph\u00ed v\u1eadn chuy\u1ec3n h\u01a1n so v\u1edbi s\u1ea3n ph\u1ea9m m\u1ee5n d\u1eeba r\u1eddi. Kh\u00f4ng c\u00f2n ph\u1ea3i lo l\u1eafng v\u1ec1 vi\u1ec7c mang v\u00e1c nh\u1eefng bao m\u1ee5n d\u1eeba n\u1eb7ng v\u00e0 c\u1ed3ng k\u1ec1nh, \u0111am m\u00ea tr\u1ed3ng c\u00e2y c\u00f3 th\u1ec3 d\u1ec5 d\u00e0ng s\u1eed d\u1ee5ng vi\u00ean m\u1ee5n d\u1eeba \u00e9p b\u00e1nh 5 kg m\u1ed9t c\u00e1ch thu\u1eadn ti\u1ec7n v\u00e0 ti\u1ebft ki\u1ec7m th\u1eddi gian.<\/p>\n<figure id=\"attachment_2793\" aria-describedby=\"caption-attachment-2793\" style=\"width: 1194px\" class=\"wp-caption aligncenter\"><img fetchpriority=\"high\" decoding=\"async\" class=\"wp-image-2793 size-full\" src=\"https:\/\/tuffvietnam.com\/wp-content\/uploads\/2022\/01\/Tuff-14.jpg\" alt=\"Vi\u00ean m\u1ee5n d\u1eeba n\u00e9n 5 kg\" width=\"1194\" height=\"887\" srcset=\"https:\/\/tuffvietnam.com\/wp-content\/uploads\/2022\/01\/Tuff-14.jpg 1194w, https:\/\/tuffvietnam.com\/wp-content\/uploads\/2022\/01\/Tuff-14-300x223.jpg 300w, https:\/\/tuffvietnam.com\/wp-content\/uploads\/2022\/01\/Tuff-14-1024x761.jpg 1024w, https:\/\/tuffvietnam.com\/wp-content\/uploads\/2022\/01\/Tuff-14-768x571.jpg 768w, https:\/\/tuffvietnam.com\/wp-content\/uploads\/2022\/01\/Tuff-14-600x446.jpg 600w\" sizes=\"(max-width: 1194px) 100vw, 1194px\" \/><figcaption id=\"caption-attachment-2793\" class=\"wp-caption-text\"><em>Vi\u00ean m\u1ee5n d\u1eeba n\u00e9n 5 kg<\/em><\/figcaption><\/figure>\n<p style=\"text-align: justify;\"><strong>C\u00e1c th\u00f4ng s\u1ed1 c\u01a1 b\u1ea3n c\u1ee7a vi\u00ean n\u00e9n:<\/strong><\/p>\n<p style=\"text-align: justify;\"><img decoding=\"async\" class=\"aligncenter size-full wp-image-2544\" src=\"https:\/\/tuffvietnam.com\/wp-content\/uploads\/2022\/01\/bang-so-lieu.jpg\" alt=\"\" width=\"888\" height=\"349\" srcset=\"https:\/\/tuffvietnam.com\/wp-content\/uploads\/2022\/01\/bang-so-lieu.jpg 888w, https:\/\/tuffvietnam.com\/wp-content\/uploads\/2022\/01\/bang-so-lieu-300x118.jpg 300w, https:\/\/tuffvietnam.com\/wp-content\/uploads\/2022\/01\/bang-so-lieu-768x302.jpg 768w, https:\/\/tuffvietnam.com\/wp-content\/uploads\/2022\/01\/bang-so-lieu-600x236.jpg 600w\" sizes=\"(max-width: 888px) 100vw, 888px\" \/><\/p>\n<p style=\"text-align: justify;\"><em>T\u1ef7 l\u1ec7 tr\u1ed9n m\u1ee5n\/x\u01a1\/ch\u00edp: theo y\u00eau c\u1ea7u c\u1ee7a kh\u00e1ch h\u00e0ng. <\/em><em>S\u1ea3n ph\u1ea9m th\u00edch h\u1ee3p v\u1edbi h\u00ecnh th\u1ee9c tr\u1ed3ng c\u00e2y tr\u00ean m\u00e1ng b\u1ea7u ho\u1eb7c trong c\u00e1c lo\u1ea1i th\u00f9ng ch\u1ee9a kh\u00e1c.<\/em><\/p>\n<p style=\"text-align: justify;\"><strong>H\u01b0\u1edbng d\u1eabn s\u1eed d\u1ee5ng:<\/strong><\/p>\n<ul style=\"text-align: justify;\">\n<li>\u0110\u1eb7t vi\u00ean m\u1ee5n d\u1eeba \u00e9p b\u00e1nh v\u00e0o x\u00f4, ch\u1eadu ho\u1eb7c d\u1ee5ng c\u1ee5 c\u00f3 th\u1ec3 ch\u1ee9a n\u01b0\u1edbc<\/li>\n<li>T\u01b0\u1edbi n\u01b0\u1edbc v\u00e0o cho t\u1edbi khi b\u00e1nh n\u1edf h\u1ebft (th\u1ec3 t\u00edch sau n\u1edf kho\u1ea3ng 70-80L)<\/li>\n<li>B\u00f3p t\u01a1i gi\u00e1 th\u1ec3 m\u1ee5n d\u1eeba, d\u00f9ng gi\u00e1 th\u1ec3 n\u00e0y \u0111\u1ec3 tr\u1ed3ng c\u00e2y lu\u00f4n<\/li>\n<\/ul>\n<figure id=\"attachment_2307\" aria-describedby=\"caption-attachment-2307\" style=\"width: 792px\" class=\"wp-caption aligncenter\"><img decoding=\"async\" class=\"wp-image-2307 size-full\" src=\"https:\/\/tuffvietnam.com\/wp-content\/uploads\/2021\/12\/20.png\" alt=\"\u1ee8ng d\u1ee5ng c\u1ee7a vi\u00ean m\u1ee5n d\u1eeba \u00e9p b\u00e1nh 5 kg\" width=\"792\" height=\"256\" srcset=\"https:\/\/tuffvietnam.com\/wp-content\/uploads\/2021\/12\/20.png 792w, https:\/\/tuffvietnam.com\/wp-content\/uploads\/2021\/12\/20-300x97.png 300w, https:\/\/tuffvietnam.com\/wp-content\/uploads\/2021\/12\/20-768x248.png 768w, https:\/\/tuffvietnam.com\/wp-content\/uploads\/2021\/12\/20-600x194.png 600w\" sizes=\"(max-width: 792px) 100vw, 792px\" \/><figcaption id=\"caption-attachment-2307\" class=\"wp-caption-text\"><em>\u1ee8ng d\u1ee5ng c\u1ee7a vi\u00ean m\u1ee5n d\u1eeba \u00e9p b\u00e1nh 5 kg<\/em><\/figcaption><\/figure>\n<p style=\"text-align: justify;\">Vi\u00ean m\u1ee5n d\u1eeba \u00e9p b\u00e1nh 5 kg mang \u0111\u1ebfn s\u1ef1 thu\u1eadn ti\u1ec7n v\u00e0 hi\u1ec7u qu\u1ea3 trong vi\u1ec7c tr\u1ed3ng c\u00e2y, gi\u00fap b\u1ea1n t\u1eadp trung v\u00e0o vi\u1ec7c ch\u0103m s\u00f3c c\u00e2y tr\u1ed3ng m\u1ed9t c\u00e1ch d\u1ec5 d\u00e0ng v\u00e0 hi\u1ec7u qu\u1ea3 h\u01a1n bao gi\u1edd h\u1ebft. H\u00e3y tr\u1ea3i nghi\u1ec7m vi\u00ean m\u1ee5n d\u1eeba \u00e9p b\u00e1nh 5 kg \u0111\u1ec3 t\u1eadn h\u01b0\u1edfng nh\u1eefng l\u1ee3i \u00edch v\u01b0\u1ee3t tr\u1ed9i m\u00e0 n\u00f3 mang l\u1ea1i cho khu v\u01b0\u1eddn c\u1ee7a b\u1ea1n. H\u00e3y li\u00ean h\u1ec7 v\u1edbi Tuff Vi\u1ec7t Nam ngay h\u00f4m nay \u0111\u1ec3 \u0111\u01b0\u1ee3c t\u01b0 v\u1ea5n v\u00e0 h\u1ed7 tr\u1ee3 th\u00eam th\u00f4ng tin chi ti\u1ebft v\u1ec1 s\u1ea3n ph\u1ea9m. Ch\u00fang t\u00f4i cam k\u1ebft mang \u0111\u1ebfn cho b\u1ea1n gi\u1ea3i ph\u00e1p t\u1ed1t nh\u1ea5t cho vi\u1ec7c tr\u1ed3ng c\u00e2y v\u00e0 qu\u1ea3n l\u00fd v\u01b0\u1eddn c\u1ee7a b\u1ea1n.<\/p>\n<p style=\"text-align: justify;\">T\u00ecm hi\u1ec3u th\u00eam c\u00e1c s\u1ea3n ph\u1ea9m kh\u00e1c c\u1ee7a Tuff Vi\u1ec7t Nam t\u1ea1i <a href=\"https:\/\/tuffvietnam.com\/en\/product\/\">\u0111\u00e2y<\/a>.<\/p>\n","protected":false},"excerpt":{"rendered":"<p><strong>Coconut peat pressed into 5 kg cake<\/strong><br \/>\n<strong>GI\u00c1: LI\u00caN H\u1ec6<\/strong><\/p>\n","protected":false},"featured_media":3432,"comment_status":"open","ping_status":"closed","template":"","meta":{"site-sidebar-layout":"default","site-content-layout":"default","ast-main-header-display":"","ast-hfb-above-header-display":"","ast-hfb-below-header-display":"","ast-hfb-mobile-header-display":"","site-post-title":"","ast-breadcrumbs-content":"","ast-featured-img":"","footer-sml-layout":"","theme-transparent-header-meta":"default","adv-header-id-meta":"","stick-header-meta":"default","header-above-stick-meta":"","header-main-stick-meta":"","header-below-stick-meta":""},"product_cat":[103],"product_tag":[167,177],"class_list":{"0":"post-3559","1":"product","2":"type-product","3":"status-publish","4":"has-post-thumbnail","6":"product_cat-san-pham-en","7":"product_tag-coco-coir-bales-5kg","8":"product_tag-washed-bales-5kg","9":"align-center","10":"box-shadow-0","11":"box-shadow-0-hover","12":"ast-product-gallery-layout-horizontal","13":"ast-product-tabs-layout-horizontal","15":"first","16":"instock","17":"shipping-taxable","18":"product-type-simple"},"_links":{"self":[{"href":"https:\/\/tuffvietnam.com\/en\/wp-json\/wp\/v2\/product\/3559","targetHints":{"allow":["GET"]}}],"collection":[{"href":"https:\/\/tuffvietnam.com\/en\/wp-json\/wp\/v2\/product"}],"about":[{"href":"https:\/\/tuffvietnam.com\/en\/wp-json\/wp\/v2\/types\/product"}],"replies":[{"embeddable":true,"href":"https:\/\/tuffvietnam.com\/en\/wp-json\/wp\/v2\/comments?post=3559"}],"wp:featuredmedia":[{"embeddable":true,"href":"https:\/\/tuffvietnam.com\/en\/wp-json\/wp\/v2\/media\/3432"}],"wp:attachment":[{"href":"https:\/\/tuffvietnam.com\/en\/wp-json\/wp\/v2\/media?parent=3559"}],"wp:term":[{"taxonomy":"product_cat","embeddable":true,"href":"https:\/\/tuffvietnam.com\/en\/wp-json\/wp\/v2\/product_cat?post=3559"},{"taxonomy":"product_tag","embeddable":true,"href":"https:\/\/tuffvietnam.com\/en\/wp-json\/wp\/v2\/product_tag?post=3559"}],"curies":[{"name":"wp","href":"https:\/\/api.w.org\/{rel}","templated":true}]}}