{"id":3560,"date":"2022-01-04T15:32:26","date_gmt":"2022-01-04T08:32:26","guid":{"rendered":"https:\/\/tuffvietnam.com\/san-pham\/pressed-coconut-peat-pellets-for-pregnant-bags\/"},"modified":"2024-07-18T13:55:26","modified_gmt":"2024-07-18T06:55:26","slug":"pressed-coconut-peat-pellets-for-pregnant-bags","status":"publish","type":"product","link":"https:\/\/tuffvietnam.com\/en\/san-pham\/pressed-coconut-peat-pellets-for-pregnant-bags\/","title":{"rendered":"Pressed coconut peat pellets for pregnant bags"},"content":{"rendered":"<h2>Pressed coconut peat pellets for pregnant bags<\/h2>\n<p><strong>Vi\u00ean m\u1ee5n d\u1eeba \u00e9p cho t\u00fai b\u1ea7u<\/strong> l\u00e0 nh\u1eefng s\u1ea3n ph\u1ea9m m\u1ee5n d\u1eeba \u00e9p b\u00e1nh nh\u1ecf g\u1ecdn v\u1edbi k\u00edch th\u01b0\u1edbc linh ho\u1ea1t, ph\u00f9 h\u1ee3p v\u1edbi k\u00edch c\u1ee1 c\u1ee7a t\u00fai b\u1ea7u tr\u1ed3ng c\u00e2y. Ch\u00fang \u0111\u01b0\u1ee3c thi\u1ebft k\u1ebf \u0111\u1ec3 \u0111\u00e1p \u1ee9ng nhu c\u1ea7u tr\u1ed3ng c\u00e2y \u0111a d\u1ea1ng v\u00e0 mang l\u1ea1i hi\u1ec7u qu\u1ea3 t\u1ed1i \u01b0u trong qu\u00e1 tr\u00ecnh tr\u1ed3ng v\u00e0 ch\u0103m s\u00f3c c\u00e2y tr\u1ed3ng.<\/p>\n<p><strong>Nh\u1eefng size ph\u1ed5 bi\u1ebfn c\u1ee7a vi\u00ean m\u1ee5n d\u1eeba \u00e9p cho th\u1ecb tr\u01b0\u1eddng n\u1ed9i \u0111\u1ecba:<\/strong><\/p>\n<ol>\n<li>Vi\u00ean m\u1ee5n d\u1eeba \u00e9p cho t\u00fai b\u1ea7u k\u00edch th\u01b0\u1edbc 17x33cm: V\u1edbi th\u1ec3 t\u00edch sau n\u1edf l\u00ean \u0111\u1ebfn 7L, \u0111\u00e2y l\u00e0 l\u1ef1a ch\u1ecdn ho\u00e0n h\u1ea3o cho nh\u1eefng t\u00fai b\u1ea7u c\u00f3 k\u00edch c\u1ee1 17&#215;33 v\u00e0 \u0111\u1ea3m b\u1ea3o \u0111\u1ee7 ngu\u1ed3n dinh d\u01b0\u1ee1ng cho c\u00e2y tr\u1ed3ng ph\u00e1t tri\u1ec3n kh\u1ecfe m\u1ea1nh.<\/li>\n<li>Vi\u00ean m\u1ee5n d\u1eeba \u00e9p cho t\u00fai b\u1ea7u k\u00edch th\u01b0\u1edbc 20x40cm: V\u1edbi th\u1ec3 t\u00edch sau n\u1edf l\u00ean \u0111\u1ebfn 12L, s\u1ea3n ph\u1ea9m n\u00e0y ph\u00f9 h\u1ee3p cho nh\u1eefng t\u00fai b\u1ea7u c\u00f3 k\u00edch c\u1ee1 20&#215;40, cung c\u1ea5p ngu\u1ed3n dinh d\u01b0\u1ee1ng \u0111a d\u1ea1ng v\u00e0 gi\u00e0u gi\u00e1 tr\u1ecb cho c\u00e2y tr\u1ed3ng<\/li>\n<\/ol>\n<div id='gallery-1' class='gallery galleryid-3560 gallery-columns-3 gallery-size-full'><figure class='gallery-item'>\n\t\t\t<div class='gallery-icon landscape'>\n\t\t\t\t<a href='https:\/\/tuffvietnam.com\/en\/?attachment_id=3458'><img fetchpriority=\"high\" decoding=\"async\" width=\"940\" height=\"788\" src=\"https:\/\/tuffvietnam.com\/wp-content\/uploads\/2022\/01\/4.jpg\" class=\"attachment-full size-full\" alt=\"\" srcset=\"https:\/\/tuffvietnam.com\/wp-content\/uploads\/2022\/01\/4.jpg 940w, https:\/\/tuffvietnam.com\/wp-content\/uploads\/2022\/01\/4-300x251.jpg 300w, https:\/\/tuffvietnam.com\/wp-content\/uploads\/2022\/01\/4-768x644.jpg 768w, https:\/\/tuffvietnam.com\/wp-content\/uploads\/2022\/01\/4-600x503.jpg 600w\" sizes=\"(max-width: 940px) 100vw, 940px\" \/><\/a>\n\t\t\t<\/div><\/figure><figure class='gallery-item'>\n\t\t\t<div class='gallery-icon landscape'>\n\t\t\t\t<a href='https:\/\/tuffvietnam.com\/en\/?attachment_id=3457'><img decoding=\"async\" width=\"940\" height=\"788\" src=\"https:\/\/tuffvietnam.com\/wp-content\/uploads\/2022\/01\/3.jpg\" class=\"attachment-full size-full\" alt=\"\" aria-describedby=\"gallery-1-3457\" srcset=\"https:\/\/tuffvietnam.com\/wp-content\/uploads\/2022\/01\/3.jpg 940w, https:\/\/tuffvietnam.com\/wp-content\/uploads\/2022\/01\/3-300x251.jpg 300w, https:\/\/tuffvietnam.com\/wp-content\/uploads\/2022\/01\/3-768x644.jpg 768w, https:\/\/tuffvietnam.com\/wp-content\/uploads\/2022\/01\/3-600x503.jpg 600w\" sizes=\"(max-width: 940px) 100vw, 940px\" \/><\/a>\n\t\t\t<\/div>\n\t\t\t\t<figcaption class='wp-caption-text gallery-caption' id='gallery-1-3457'>\n\t\t\t\tVi\u00ean m\u1ee5n d\u1eeba cho t\u00fai b\u1ea7u\n\t\t\t\t<\/figcaption><\/figure><figure class='gallery-item'>\n\t\t\t<div class='gallery-icon landscape'>\n\t\t\t\t<a href='https:\/\/tuffvietnam.com\/en\/?attachment_id=3434'><img decoding=\"async\" width=\"800\" height=\"676\" src=\"https:\/\/tuffvietnam.com\/wp-content\/uploads\/2022\/01\/15-e1695801269409.png\" class=\"attachment-full size-full\" alt=\"\" srcset=\"https:\/\/tuffvietnam.com\/wp-content\/uploads\/2022\/01\/15-e1695801269409.png 800w, https:\/\/tuffvietnam.com\/wp-content\/uploads\/2022\/01\/15-e1695801269409-300x254.png 300w, https:\/\/tuffvietnam.com\/wp-content\/uploads\/2022\/01\/15-e1695801269409-768x649.png 768w, https:\/\/tuffvietnam.com\/wp-content\/uploads\/2022\/01\/15-e1695801269409-600x507.png 600w\" sizes=\"(max-width: 800px) 100vw, 800px\" \/><\/a>\n\t\t\t<\/div><\/figure>\n\t\t<\/div>\n\n<p><strong>Th\u00f4ng tin s\u1ea3n ph\u1ea9m:<\/strong><\/p>\n<table width=\"610\">\n<tbody>\n<tr>\n<td width=\"277\"><strong><em>Th\u00f4ng s\u1ed1<\/em><\/strong><\/td>\n<td width=\"333\"><strong><em>Gi\u00e1 tr\u1ecb<\/em><\/strong><\/td>\n<\/tr>\n<tr>\n<td width=\"277\"><em>EC (mS\/cm)<\/em><\/td>\n<td width=\"333\"><em>&lt;  1<\/em><\/td>\n<\/tr>\n<tr>\n<td width=\"277\"><em> pH<\/em><\/td>\n<td width=\"333\"><em>5.5-7.0  <\/em><\/td>\n<\/tr>\n<tr>\n<td width=\"277\"><em>K\u00edch th\u01b0\u1edbc ballet<\/em><\/td>\n<td width=\"333\"><em>1.1m x 1.1m x 2.4m<\/em><\/td>\n<\/tr>\n<tr>\n<td width=\"277\"><em>S\u1ed1 l\u01b0\u1ee3ng ballet\/cont. 44\u201c<\/em><\/td>\n<td width=\"333\"><em>22 pallet<\/em><\/td>\n<\/tr>\n<tr>\n<td width=\"277\"><em>H\u00e0m l\u01b0\u1ee3ng ch\u1ea5t h\u1eefu c\u01a1<\/em><\/td>\n<td width=\"333\"><em>&gt;  90%<\/em><\/td>\n<\/tr>\n<tr>\n<td width=\"277\"><em>C\/N<\/em><\/td>\n<td width=\"333\"><em>&gt;  80<\/em><\/td>\n<\/tr>\n<\/tbody>\n<\/table>\n<p><em>T\u1ef7 l\u1ec7 tr\u1ed9n m\u1ee5n\/x\u01a1\/ch\u00edp: theo y\u00eau c\u1ea7u c\u1ee7a kh\u00e1ch h\u00e0ng<\/em><\/p>\n<p><strong>Vi\u00ean m\u1ee5n d\u1eeba \u00e9p cho t\u00fai b\u1ea7u<\/strong> l\u00e0 gi\u1ea3i ph\u00e1p ti\u1ec7n l\u1ee3i gi\u00fap b\u1ea1n tr\u1ed3ng c\u00e2y m\u1ed9t c\u00e1ch hi\u1ec7u qu\u1ea3. Ch\u1ec9 c\u1ea7n \u0111\u1eb7t vi\u00ean m\u1ee5n d\u1eeba v\u00e0o t\u00fai b\u1ea7u, t\u01b0\u1edbi n\u01b0\u1edbc s\u1ea1ch cho tr\u01b0\u01a1ng n\u1edf, v\u00e0 b\u1ea1n \u0111\u00e3 s\u1eb5n s\u00e0ng \u0111\u1ec3 tr\u1ed3ng c\u00e2y m\u1ed9t c\u00e1ch d\u1ec5 d\u00e0ng.<\/p>\n<p><strong>\u01afu \u0111i\u1ec3m v\u01b0\u1ee3t tr\u1ed9i c\u1ee7a Vi\u00ean m\u1ee5n d\u1eeba \u00e9p cho t\u00fai b\u1ea7u:<\/strong><\/p>\n<p>\ud83c\udf31 T\u0103ng th\u1ea9m m\u1ef9 nh\u00e0 l\u01b0\u1edbi\/nh\u00e0 m\u00e0ng: Vi\u00ean m\u1ee5n d\u1eeba \u00e9p cho t\u00fai b\u1ea7u kh\u00f4ng ch\u1ec9 gi\u00fap c\u00e2y tr\u1ed3ng ph\u00e1t tri\u1ec3n m\u1ea1nh m\u1ebd m\u00e0 c\u00f2n t\u1ea1o n\u00ean v\u1ebb \u0111\u1eb9p tinh t\u1ebf v\u00e0 th\u1ea9m m\u1ef9 cho kh\u00f4ng gian tr\u1ed3ng c\u00e2y.<\/p>\n<p>\ud83c\udf31 G\u1ecdn nh\u1eb9, gi\u1ea3m chi ph\u00ed v\u1eadn chuy\u1ec3n: V\u1edbi thi\u1ebft k\u1ebf nh\u1ecf g\u1ecdn, s\u1ea3n ph\u1ea9m n\u00e0y gi\u00fap gi\u1ea3m chi ph\u00ed v\u1eadn chuy\u1ec3n v\u00e0 ti\u1ebft ki\u1ec7m th\u1eddi gian trong qu\u00e1 tr\u00ecnh x\u1eed l\u00fd v\u00e0 l\u01b0u tr\u1eef.<\/p>\n<p>\ud83c\udf31 D\u1ec5 d\u00e0ng di chuy\u1ec3n, thao t\u00e1c, set up v\u00e0o nh\u00e0 m\u00e0ng: Vi\u00ean m\u1ee5n d\u1eeba \u00e9p cho t\u00fai b\u1ea7u d\u1ec5 d\u00e0ng di chuy\u1ec3n v\u00e0 thao t\u00e1c, gi\u00fap b\u1ea1n d\u1ec5 d\u00e0ng thi\u1ebft l\u1eadp c\u00f4ng t\u00e1c chu\u1ea9n b\u1ecb, ch\u0103m s\u00f3c c\u00e2y tr\u1ed3ng trong nh\u00e0 m\u00e0ng v\u00e0 thu d\u1ecdn t\u00e0n d\u01b0 sau khi s\u1ea3n ph\u1ea9m kh\u00f4ng th\u1ec3 s\u1eed d\u1ee5ng \u0111\u01b0\u1ee3c n\u1eefa.<\/p>\n<p>\ud83c\udf31 Ti\u1ebft ki\u1ec7m nh\u00e2n c\u00f4ng cho m\u00f9a v\u1ee5: S\u1ea3n ph\u1ea9m n\u00e0y mang l\u1ea1i hi\u1ec7u qu\u1ea3 cao trong vi\u1ec7c ti\u1ebft ki\u1ec7m nh\u00e2n c\u00f4ng v\u00e0 gi\u1ea3m thi\u1ec3u c\u00f4ng s\u1ee9c trong qu\u00e1 tr\u00ecnh tr\u1ed3ng c\u00e2y, gi\u00fap b\u1ea1n t\u1eadp trung v\u00e0o vi\u1ec7c qu\u1ea3n l\u00fd v\u00e0 ph\u00e1t tri\u1ec3n v\u01b0\u1eddn c\u00e2y m\u1ed9t c\u00e1ch hi\u1ec7u qu\u1ea3 h\u01a1n.<\/p>\n<p><img loading=\"lazy\" decoding=\"async\" class=\"aligncenter size-full wp-image-2941\" src=\"https:\/\/tuffvietnam.com\/wp-content\/uploads\/2022\/01\/Tuff_Face_Web-OT-1.jpg\" alt=\"\" width=\"1600\" height=\"900\" srcset=\"https:\/\/tuffvietnam.com\/wp-content\/uploads\/2022\/01\/Tuff_Face_Web-OT-1.jpg 1600w, https:\/\/tuffvietnam.com\/wp-content\/uploads\/2022\/01\/Tuff_Face_Web-OT-1-300x169.jpg 300w, https:\/\/tuffvietnam.com\/wp-content\/uploads\/2022\/01\/Tuff_Face_Web-OT-1-1024x576.jpg 1024w, https:\/\/tuffvietnam.com\/wp-content\/uploads\/2022\/01\/Tuff_Face_Web-OT-1-768x432.jpg 768w, https:\/\/tuffvietnam.com\/wp-content\/uploads\/2022\/01\/Tuff_Face_Web-OT-1-1536x864.jpg 1536w, https:\/\/tuffvietnam.com\/wp-content\/uploads\/2022\/01\/Tuff_Face_Web-OT-1-600x338.jpg 600w\" sizes=\"(max-width: 1600px) 100vw, 1600px\" \/><\/p>\n<p><strong>H\u01b0\u1edbng d\u1eabn s\u1eed d\u1ee5ng:<\/strong><\/p>\n<div class=\"ast-oembed-container\"><iframe title=\"H\u01b0\u1edbng d\u1eabn s\u1eed d\u1ee5ng vi\u00ean m\u1ee5n d\u1eeba \u00e9p b\u00e1nh cho t\u00fai b\u1ea7u - How to use Open top!\" width=\"500\" height=\"281\" src=\"https:\/\/www.youtube.com\/embed\/QSgEsnmDp1U?feature=oembed\" frameborder=\"0\" allow=\"accelerometer; autoplay; clipboard-write; encrypted-media; gyroscope; picture-in-picture; web-share\" referrerpolicy=\"strict-origin-when-cross-origin\" allowfullscreen><\/iframe><\/div>\n<p>&nbsp;<\/p>\n<p>Vi\u00ean M\u1ee5n D\u1eeba \u00c9p Cho T\u00fai B\u1ea7u c\u1ee7a Tuff Vi\u1ec7t Nam l\u00e0 l\u1ef1a ch\u1ecdn h\u00e0ng \u0111\u1ea7u \u0111\u1ec3 th\u00fac \u0111\u1ea9y s\u1ef1 ph\u00e1t tri\u1ec3n m\u1ea1nh m\u1ebd c\u1ee7a c\u00e2y tr\u1ed3ng v\u00e0 gi\u1ea3m thi\u1ec3u r\u1ee7i ro trong qu\u00e1 tr\u00ecnh tr\u1ed3ng v\u00e0 ch\u0103m s\u00f3c c\u00e2y. \u0110\u1eb7c bi\u1ec7t, s\u1ea3n ph\u1ea9m n\u00e0y c\u00f2n h\u1ed7 tr\u1ee3 t\u1ed1i \u0111a ch\u1ee7 farm trong vi\u1ec7c qu\u1ea3n l\u00fd v\u00e0 thi\u1ebft l\u1eadp v\u01b0\u1eddn tr\u1ed3ng hi\u1ec7u qu\u1ea3.<\/p>\n<p>T\u1ea1i Tuff Vi\u1ec7t Nam, ch\u00fang t\u00f4i hi\u1ec3u r\u1eb1ng vi\u1ec7c ch\u1ecdn k\u00edch th\u01b0\u1edbc ph\u00f9 h\u1ee3p cho t\u00fai b\u1ea7u c\u1ee7a b\u1ea1n l\u00e0 quan tr\u1ecdng \u0111\u1ec3 t\u1ea1o ra m\u1ed9t v\u01b0\u1eddn c\u00e2y h\u1eefu c\u01a1 th\u1ecbnh v\u01b0\u1ee3ng v\u00e0 b\u1ec1n v\u1eefng. V\u1edbi s\u1ea3n ph\u1ea9m Vi\u00ean M\u1ee5n D\u1eeba \u00c9p, b\u1ea1n c\u00f3 th\u1ec3 l\u1ef1a ch\u1ecdn k\u00edch th\u01b0\u1edbc ph\u00f9 h\u1ee3p nh\u1ea5t \u0111\u1ec3 \u0111\u00e1p \u1ee9ng nhu c\u1ea7u c\u1ee7a v\u01b0\u1eddn c\u00e2y c\u1ee7a b\u1ea1n.<\/p>\n<p>\u0110\u1eebng b\u1ecf l\u1ee1 c\u01a1 h\u1ed9i \u0111\u1eb7t h\u00e0ng ngay \u0111\u1ec3 nh\u1eadn \u01b0u \u0111\u00e3i t\u1ed1t nh\u1ea5t! H\u00e3y li\u00ean h\u1ec7 v\u1edbi Tuff Vi\u1ec7t Nam ngay h\u00f4m nay \u0111\u1ec3 \u0111\u01b0\u1ee3c t\u01b0 v\u1ea5n v\u00e0 h\u1ed7 tr\u1ee3 th\u00eam th\u00f4ng tin chi ti\u1ebft v\u1ec1 s\u1ea3n ph\u1ea9m. Ch\u00fang t\u00f4i cam k\u1ebft mang \u0111\u1ebfn cho b\u1ea1n gi\u1ea3i ph\u00e1p t\u1ed1t nh\u1ea5t cho vi\u1ec7c tr\u1ed3ng c\u00e2y v\u00e0 qu\u1ea3n l\u00fd v\u01b0\u1eddn c\u1ee7a b\u1ea1n.<\/p>\n<p>T\u00ecm hi\u1ec3u th\u00eam c\u00e1c s\u1ea3n ph\u1ea9m kh\u00e1c c\u1ee7a Tuff Vi\u1ec7t Nam t\u1ea1i <a href=\"https:\/\/tuffvietnam.com\/en\/product\/\" target=\"_blank\" rel=\"noopener\">\u0111\u00e2y<\/a>!<\/p>\n","protected":false},"excerpt":{"rendered":"<p><strong>T\u00daI M\u1ee4N<\/strong><br \/>\n<strong>GI\u00c1: LI\u00caN H\u1ec6<\/strong><\/p>\n","protected":false},"featured_media":3434,"comment_status":"open","ping_status":"closed","template":"","meta":{"site-sidebar-layout":"default","site-content-layout":"default","ast-main-header-display":"","ast-hfb-above-header-display":"","ast-hfb-below-header-display":"","ast-hfb-mobile-header-display":"","site-post-title":"","ast-breadcrumbs-content":"","ast-featured-img":"","footer-sml-layout":"","theme-transparent-header-meta":"default","adv-header-id-meta":"","stick-header-meta":"default","header-above-stick-meta":"","header-main-stick-meta":"","header-below-stick-meta":""},"product_cat":[103],"product_tag":[174],"class_list":{"0":"post-3560","1":"product","2":"type-product","3":"status-publish","4":"has-post-thumbnail","6":"product_cat-san-pham-en","7":"product_tag-coco-coir-open-top-for-greenhouse","8":"align-center","9":"box-shadow-0","10":"box-shadow-0-hover","11":"ast-product-gallery-layout-horizontal","12":"ast-product-tabs-layout-horizontal","14":"first","15":"instock","16":"shipping-taxable","17":"product-type-simple"},"_links":{"self":[{"href":"https:\/\/tuffvietnam.com\/en\/wp-json\/wp\/v2\/product\/3560","targetHints":{"allow":["GET"]}}],"collection":[{"href":"https:\/\/tuffvietnam.com\/en\/wp-json\/wp\/v2\/product"}],"about":[{"href":"https:\/\/tuffvietnam.com\/en\/wp-json\/wp\/v2\/types\/product"}],"replies":[{"embeddable":true,"href":"https:\/\/tuffvietnam.com\/en\/wp-json\/wp\/v2\/comments?post=3560"}],"wp:featuredmedia":[{"embeddable":true,"href":"https:\/\/tuffvietnam.com\/en\/wp-json\/wp\/v2\/media\/3434"}],"wp:attachment":[{"href":"https:\/\/tuffvietnam.com\/en\/wp-json\/wp\/v2\/media?parent=3560"}],"wp:term":[{"taxonomy":"product_cat","embeddable":true,"href":"https:\/\/tuffvietnam.com\/en\/wp-json\/wp\/v2\/product_cat?post=3560"},{"taxonomy":"product_tag","embeddable":true,"href":"https:\/\/tuffvietnam.com\/en\/wp-json\/wp\/v2\/product_tag?post=3560"}],"curies":[{"name":"wp","href":"https:\/\/api.w.org\/{rel}","templated":true}]}}